{"id":11,"date":"2025-05-30T19:24:56","date_gmt":"2025-05-30T17:24:56","guid":{"rendered":"http:\/\/hochzeit.tomundtina.at\/?page_id=11"},"modified":"2025-05-30T21:30:31","modified_gmt":"2025-05-30T19:30:31","slug":"wir-sagen-ja","status":"publish","type":"page","link":"https:\/\/hochzeit.tomundtina.at\/?page_id=11","title":{"rendered":"Wir sagen Ja!"},"content":{"rendered":"<p><\/p>\n<p>Was lange w\u00e4hrt wird endlich gut! Nach 12,5 Jahren hat Thomas an einem wundersch\u00f6nen ruhigen Pl\u00e4tzchen neben der Karlsbr\u00fccke in Prag um Martinas Hand angehalten. Es h\u00e4tte nicht sch\u00f6ner sein k\u00f6nnen! <\/p>\n<p><\/p>\n<p><\/p>\n<p>Nach einigen \u00dcberlegungen haben wir uns dazu entschieden nahe unserem Lebensmittelpunkt, also im sch\u00f6nen Weinviertel zu heiraten und haben daf\u00fcr das mediterran angehauchte <a href=\"https:\/\/www.weingutbannert.com\/de\/\" data-type=\"link\" data-id=\"https:\/\/www.weingutbannert.com\/de\/\">Weingut Bannert<\/a> ausgesucht. Ihr werden begeistert sein!<\/p>\n<p><\/p>\n<p><\/p>\n<p>Hier auf dieser Website findet ihr n\u00fctzliche Infos rund um die Hochzeit, au\u00dferdem wird es eine Fotogalerie geben die ihr auch w\u00e4hrend der Hochzeit bef\u00fcllen k\u00f6nnt.<\/p>\n<p><\/p>\n<p><\/p>\n<p>Wir freuen uns sehr darauf unseren sch\u00f6nsten Tag mit euch gemeinsam zu verbringen!<\/p>\n<p><\/p>\n<p><\/p>\n<p><\/p>\n","protected":false},"excerpt":{"rendered":"<p>Was lange w\u00e4hrt wird endlich gut! Nach 12,5 Jahren hat Thomas an einem wundersch\u00f6nen ruhigen Pl\u00e4tzchen neben der Karlsbr\u00fccke in [&hellip;]<\/p>\n","protected":false},"author":1,"featured_media":0,"parent":0,"menu_order":0,"comment_status":"closed","ping_status":"closed","template":"","meta":{"site-sidebar-layout":"default","site-content-layout":"","ast-site-content-layout":"default","site-content-style":"default","site-sidebar-style":"default","ast-global-header-display":"","ast-banner-title-visibility":"","ast-main-header-display":"","ast-hfb-above-header-display":"","ast-hfb-below-header-display":"","ast-hfb-mobile-header-display":"","site-post-title":"","ast-breadcrumbs-content":"","ast-featured-img":"","footer-sml-layout":"","ast-disable-related-posts":"","theme-transparent-header-meta":"","adv-header-id-meta":"","stick-header-meta":"","header-above-stick-meta":"","header-main-stick-meta":"","header-below-stick-meta":"","astra-migrate-meta-layouts":"default","ast-page-background-enabled":"default","ast-page-background-meta":{"desktop":{"background-color":"var(--ast-global-color-5)","background-image":"","background-repeat":"repeat","background-position":"center center","background-size":"auto","background-attachment":"scroll","background-type":"","background-media":"","overlay-type":"","overlay-color":"","overlay-opacity":"","overlay-gradient":""},"tablet":{"background-color":"","background-image":"","background-repeat":"repeat","background-position":"center center","background-size":"auto","background-attachment":"scroll","background-type":"","background-media":"","overlay-type":"","overlay-color":"","overlay-opacity":"","overlay-gradient":""},"mobile":{"background-color":"","background-image":"","background-repeat":"repeat","background-position":"center center","background-size":"auto","background-attachment":"scroll","background-type":"","background-media":"","overlay-type":"","overlay-color":"","overlay-opacity":"","overlay-gradient":""}},"ast-content-background-meta":{"desktop":{"background-color":"var(--ast-global-color-4)","background-image":"","background-repeat":"repeat","background-position":"center center","background-size":"auto","background-attachment":"scroll","background-type":"","background-media":"","overlay-type":"","overlay-color":"","overlay-opacity":"","overlay-gradient":""},"tablet":{"background-color":"var(--ast-global-color-4)","background-image":"","background-repeat":"repeat","background-position":"center center","background-size":"auto","background-attachment":"scroll","background-type":"","background-media":"","overlay-type":"","overlay-color":"","overlay-opacity":"","overlay-gradient":""},"mobile":{"background-color":"var(--ast-global-color-4)","background-image":"","background-repeat":"repeat","background-position":"center center","background-size":"auto","background-attachment":"scroll","background-type":"","background-media":"","overlay-type":"","overlay-color":"","overlay-opacity":"","overlay-gradient":""}},"footnotes":""},"class_list":["post-11","page","type-page","status-publish","hentry"],"_links":{"self":[{"href":"https:\/\/hochzeit.tomundtina.at\/index.php?rest_route=\/wp\/v2\/pages\/11","targetHints":{"allow":["GET"]}}],"collection":[{"href":"https:\/\/hochzeit.tomundtina.at\/index.php?rest_route=\/wp\/v2\/pages"}],"about":[{"href":"https:\/\/hochzeit.tomundtina.at\/index.php?rest_route=\/wp\/v2\/types\/page"}],"author":[{"embeddable":true,"href":"https:\/\/hochzeit.tomundtina.at\/index.php?rest_route=\/wp\/v2\/users\/1"}],"replies":[{"embeddable":true,"href":"https:\/\/hochzeit.tomundtina.at\/index.php?rest_route=%2Fwp%2Fv2%2Fcomments&post=11"}],"version-history":[{"count":4,"href":"https:\/\/hochzeit.tomundtina.at\/index.php?rest_route=\/wp\/v2\/pages\/11\/revisions"}],"predecessor-version":[{"id":72,"href":"https:\/\/hochzeit.tomundtina.at\/index.php?rest_route=\/wp\/v2\/pages\/11\/revisions\/72"}],"wp:attachment":[{"href":"https:\/\/hochzeit.tomundtina.at\/index.php?rest_route=%2Fwp%2Fv2%2Fmedia&parent=11"}],"curies":[{"name":"wp","href":"https:\/\/api.w.org\/{rel}","templated":true}]}}