{"id":19,"date":"2025-05-30T19:27:21","date_gmt":"2025-05-30T17:27:21","guid":{"rendered":"http:\/\/hochzeit.tomundtina.at\/?page_id=19"},"modified":"2025-06-08T09:58:57","modified_gmt":"2025-06-08T07:58:57","slug":"fotoalbum","status":"publish","type":"page","link":"https:\/\/hochzeit.tomundtina.at\/?page_id=19","title":{"rendered":"Fotoalbum"},"content":{"rendered":"<p><\/p>\n<p>Hier k\u00f6nnt ihr eure selbst gemachten Fotos hochladen und noch mehr Erinnerungen f\u00fcr uns festzuhalten. Diese Fotos sind dann f\u00fcr alle Hochzeitsg\u00e4ste zug\u00e4nglich.<\/p>\n<p><\/p>\n<p><\/p>\n<p>videowhisper_picture_upload<\/p>\n<p><\/p>\n<p><form class=\"ui  form \" method=\"post\" enctype=\"multipart\/form-data\" action=\"https:\/\/hochzeit.tomundtina.at\/?page_id=19&amp;videowhisper=fbf421243f\" id=\"videowhisperUploadForm\" name=\"videowhisperUploadForm\"><br><label for=\"title\">Title<\/label> <br> <input size=\"48\" maxlength=\"64\" type=\"text\" name=\"title\" id=\"title\" value=\"\" placeholder=\"Title\" class=\"text-input\"\/>\n<div class=\"field><label for=\"category\">Category <\/label> <select  name='category' id='category' class='ui dropdown'>\n\t<option class=\"level-0\" value=\"1\">Allgemein<\/option>\n\t<option class=\"level-0\" value=\"21\">Fotoalbum Brautpaar<\/option>\n\t<option class=\"level-0\" value=\"22\">Website Assets<\/option>\n\t<option class=\"level-0\" value=\"23\">Userupload<\/option>\n<\/select>\n<\/div>\n<input type=\"hidden\" name=\"gallery\" id=\"gallery\" value=\"gallery\"\/>\n<br><label for=\"tag\">Tag(s)<\/label> <br> <input size=\"48\" maxlength=\"64\" type=\"text\" name=\"tag\" id=\"tag\" value=\"\" class=\"text-input\" placeholder=\"Tag(s) (comma separated)\"\/>\n<div class=\"field><label for=\"description\">Description<\/label><textarea name=\"description\" id=\"description\" cols=\"72\" rows=\"3\" placeholder=\"Description\"><\/textarea><\/div>\n<input type=\"hidden\" name=\"owner\" id=\"owner\" value=\"0\"\/>\n<label for=\"email\">Email<\/label><input input size=\"48\" maxlength=\"64\" type=\"text\" name=\"email\" id=\"email\" value=\"\" placeholder=\"Email\"\/> \n\n<\/fieldset><div class=\"field\"> <label for=\"fileselect\">Picture to upload<\/label><input class=\"ui button\" type=\"file\" id=\"fileselect\" name=\"fileselect\" $mobiles $accepts \/><\/div><div class=\"field\">\n         <div class=\"ui toggle checkbox\">\n           <input type=\"checkbox\" name=\"terms\"  tabindex=\"0\" class=\"hidden\">\n           <label>I accept the Terms of Use <\/label>\n         <\/div>\n         <a class=\"ui tiny button\" target=\"terms\" href=\"\"> <i class=\"clipboard list icon\"><\/i> Review<\/a>\n       <\/div><div class=\"field\">\n         <input type=\"button\" id=\"submitButton\" name=\"submitButton\" onclick=\"onSubmitClick()\" class=\"ui submit button\" value=\"Upload\" \/>\n         <\/div><\/div><\/form> <script>\n\t\t\tjQuery(document).ready(function(){\njQuery(\".ui.checkbox\").checkbox();\n});\n\t\t\t<\/script><script>\nfunction onSubmitClick(e) {\nconsole.log(\"VideoWhisper Upload: Google reCaptcha v3 disabled\");\n  var videowhisperUploadForm = document.getElementById(\"videowhisperUploadForm\");\n  videowhisperUploadForm.submit();\n\n}\n<\/script>\n<noscript>JavaScript is required to use <a href=\"https:\/\/videowhisper.com\/\">VideoWhisper Picture Uploader<\/a>. Contact <a href=\"https:\/\/consult.videowhisper.com\/\">VideoWhisper<\/a> for clarifications.<\/noscript>\n\n<\/p>\n<p><script type=\"text\/javascript\">\n\nvar aurlvwp69db7ce98acc6 = 'https:\/\/hochzeit.tomundtina.at\/wp-admin\/admin-ajax.php?action=vwpg_pictures&menu=0&pp=12&pr=3&gallery=&ob=&cat=&sc=&so=&sp=1&sn=&sg=&id=vwp69db7ce98acc6&tags=&name=';\nvar loadervwp69db7ce98acc6;\n\nfunction loadPicturesvwp69db7ce98acc6(message){\n    if (message && message.length > 0) {\n        jQuery(\"#videowhisperPicturesvwp69db7ce98acc6\").html(message);\n    }\n\n    if (loadervwp69db7ce98acc6) loadervwp69db7ce98acc6.abort();\n\n    loadervwp69db7ce98acc6 = jQuery.ajax({\n        url: aurlvwp69db7ce98acc6,\n        type: 'POST',\n        data: {\n            'security': '5b6caa41e4'\n        },\n        success: function(data) {\n            jQuery(\"#videowhisperPicturesvwp69db7ce98acc6\").html(data);\n            \n            try{\n                jQuery(\".ui.dropdown:not(.multi,.fpsDropdown)\").dropdown();\n                jQuery(\".ui.rating.readonly\").rating(\"disable\");\n            }\n            catch(error) {console.log(\"Interface error loadPictures\", error );}\t \n                        \n        }\n    });\n}\n\njQuery(function(){\n    loadPicturesvwp69db7ce98acc6();\n    setInterval(\"loadPicturesvwp69db7ce98acc6('')\", 60000);\n});\n\n<\/script>\n\n<div id=\"videowhisperPicturesvwp69db7ce98acc6\">\n    Loading Pictures...\n<\/div>\n<\/p>\n","protected":false},"excerpt":{"rendered":"<p>Hier k\u00f6nnt ihr eure selbst gemachten Fotos hochladen und noch mehr Erinnerungen f\u00fcr uns festzuhalten. Diese Fotos sind dann f\u00fcr [&hellip;]<\/p>\n","protected":false},"author":1,"featured_media":0,"parent":0,"menu_order":0,"comment_status":"closed","ping_status":"closed","template":"","meta":{"site-sidebar-layout":"default","site-content-layout":"","ast-site-content-layout":"default","site-content-style":"default","site-sidebar-style":"default","ast-global-header-display":"","ast-banner-title-visibility":"","ast-main-header-display":"","ast-hfb-above-header-display":"","ast-hfb-below-header-display":"","ast-hfb-mobile-header-display":"","site-post-title":"","ast-breadcrumbs-content":"","ast-featured-img":"","footer-sml-layout":"","ast-disable-related-posts":"","theme-transparent-header-meta":"","adv-header-id-meta":"","stick-header-meta":"","header-above-stick-meta":"","header-main-stick-meta":"","header-below-stick-meta":"","astra-migrate-meta-layouts":"default","ast-page-background-enabled":"default","ast-page-background-meta":{"desktop":{"background-color":"var(--ast-global-color-5)","background-image":"","background-repeat":"repeat","background-position":"center center","background-size":"auto","background-attachment":"scroll","background-type":"","background-media":"","overlay-type":"","overlay-color":"","overlay-opacity":"","overlay-gradient":""},"tablet":{"background-color":"","background-image":"","background-repeat":"repeat","background-position":"center center","background-size":"auto","background-attachment":"scroll","background-type":"","background-media":"","overlay-type":"","overlay-color":"","overlay-opacity":"","overlay-gradient":""},"mobile":{"background-color":"","background-image":"","background-repeat":"repeat","background-position":"center center","background-size":"auto","background-attachment":"scroll","background-type":"","background-media":"","overlay-type":"","overlay-color":"","overlay-opacity":"","overlay-gradient":""}},"ast-content-background-meta":{"desktop":{"background-color":"var(--ast-global-color-4)","background-image":"","background-repeat":"repeat","background-position":"center center","background-size":"auto","background-attachment":"scroll","background-type":"","background-media":"","overlay-type":"","overlay-color":"","overlay-opacity":"","overlay-gradient":""},"tablet":{"background-color":"var(--ast-global-color-4)","background-image":"","background-repeat":"repeat","background-position":"center center","background-size":"auto","background-attachment":"scroll","background-type":"","background-media":"","overlay-type":"","overlay-color":"","overlay-opacity":"","overlay-gradient":""},"mobile":{"background-color":"var(--ast-global-color-4)","background-image":"","background-repeat":"repeat","background-position":"center center","background-size":"auto","background-attachment":"scroll","background-type":"","background-media":"","overlay-type":"","overlay-color":"","overlay-opacity":"","overlay-gradient":""}},"footnotes":""},"class_list":["post-19","page","type-page","status-publish","hentry"],"_links":{"self":[{"href":"https:\/\/hochzeit.tomundtina.at\/index.php?rest_route=\/wp\/v2\/pages\/19","targetHints":{"allow":["GET"]}}],"collection":[{"href":"https:\/\/hochzeit.tomundtina.at\/index.php?rest_route=\/wp\/v2\/pages"}],"about":[{"href":"https:\/\/hochzeit.tomundtina.at\/index.php?rest_route=\/wp\/v2\/types\/page"}],"author":[{"embeddable":true,"href":"https:\/\/hochzeit.tomundtina.at\/index.php?rest_route=\/wp\/v2\/users\/1"}],"replies":[{"embeddable":true,"href":"https:\/\/hochzeit.tomundtina.at\/index.php?rest_route=%2Fwp%2Fv2%2Fcomments&post=19"}],"version-history":[{"count":19,"href":"https:\/\/hochzeit.tomundtina.at\/index.php?rest_route=\/wp\/v2\/pages\/19\/revisions"}],"predecessor-version":[{"id":293,"href":"https:\/\/hochzeit.tomundtina.at\/index.php?rest_route=\/wp\/v2\/pages\/19\/revisions\/293"}],"wp:attachment":[{"href":"https:\/\/hochzeit.tomundtina.at\/index.php?rest_route=%2Fwp%2Fv2%2Fmedia&parent=19"}],"curies":[{"name":"wp","href":"https:\/\/api.w.org\/{rel}","templated":true}]}}