{"id":23,"date":"2025-05-30T19:27:56","date_gmt":"2025-05-30T17:27:56","guid":{"rendered":"http:\/\/hochzeit.tomundtina.at\/?page_id=23"},"modified":"2026-03-13T20:58:11","modified_gmt":"2026-03-13T19:58:11","slug":"unterkunft","status":"publish","type":"page","link":"https:\/\/hochzeit.tomundtina.at\/?page_id=23","title":{"rendered":"Unterkunft &amp; Anreise"},"content":{"rendered":"<p><\/p>\n<p>Nachdem es mit dem urspr\u00fcnglich geplanten Hotel leider zu Problemen gekommen ist haben wir uns bereits f\u00fcr alle G\u00e4ste die eine Unterkunft ben\u00f6tigen um eine Alternative gek\u00fcmmert.<\/p>\n<p><\/p>\n<p><\/p>\n<p>Einen Shuttle von den Unterk\u00fcnften zur Hochzeitslocation wird es nat\u00fcrlich trotzdem geben. Es werden f\u00fcr die Abholung folgende Stationen angefahren:<\/p>\n<p><\/p>\n<p><\/p>\n<p>Retz:<br \/>Hotel Am Znaimertor<br \/>Appartments Vineyard19<\/p>\n<p><\/p>\n<p><\/p>\n<p>Unternalb:<br \/>Hotel OBENauf<\/p>\n<p><\/p>\n<p><\/p>\n<p>Pulkau:<br \/>Privatunterkunft<\/p>\n<p><\/p>\n<p><\/p>\n<p>Sollte noch ein Shuttle von einer weiteren Unterkunft ben\u00f6tigt werden, bitten wir um Kontaktaufnahme. Das l\u00e4sst sich sicher organisieren.<\/p>\n<p><\/p>\n<p>\n<\/p>\n","protected":false},"excerpt":{"rendered":"<p>Nachdem es mit dem urspr\u00fcnglich geplanten Hotel leider zu Problemen gekommen ist haben wir uns bereits f\u00fcr alle G\u00e4ste die [&hellip;]<\/p>\n","protected":false},"author":1,"featured_media":0,"parent":0,"menu_order":0,"comment_status":"closed","ping_status":"closed","template":"","meta":{"site-sidebar-layout":"default","site-content-layout":"","ast-site-content-layout":"default","site-content-style":"default","site-sidebar-style":"default","ast-global-header-display":"","ast-banner-title-visibility":"","ast-main-header-display":"","ast-hfb-above-header-display":"","ast-hfb-below-header-display":"","ast-hfb-mobile-header-display":"","site-post-title":"","ast-breadcrumbs-content":"","ast-featured-img":"","footer-sml-layout":"","ast-disable-related-posts":"","theme-transparent-header-meta":"","adv-header-id-meta":"","stick-header-meta":"","header-above-stick-meta":"","header-main-stick-meta":"","header-below-stick-meta":"","astra-migrate-meta-layouts":"default","ast-page-background-enabled":"default","ast-page-background-meta":{"desktop":{"background-color":"var(--ast-global-color-5)","background-image":"","background-repeat":"repeat","background-position":"center center","background-size":"auto","background-attachment":"scroll","background-type":"","background-media":"","overlay-type":"","overlay-color":"","overlay-opacity":"","overlay-gradient":""},"tablet":{"background-color":"","background-image":"","background-repeat":"repeat","background-position":"center center","background-size":"auto","background-attachment":"scroll","background-type":"","background-media":"","overlay-type":"","overlay-color":"","overlay-opacity":"","overlay-gradient":""},"mobile":{"background-color":"","background-image":"","background-repeat":"repeat","background-position":"center center","background-size":"auto","background-attachment":"scroll","background-type":"","background-media":"","overlay-type":"","overlay-color":"","overlay-opacity":"","overlay-gradient":""}},"ast-content-background-meta":{"desktop":{"background-color":"var(--ast-global-color-4)","background-image":"","background-repeat":"repeat","background-position":"center center","background-size":"auto","background-attachment":"scroll","background-type":"","background-media":"","overlay-type":"","overlay-color":"","overlay-opacity":"","overlay-gradient":""},"tablet":{"background-color":"var(--ast-global-color-4)","background-image":"","background-repeat":"repeat","background-position":"center center","background-size":"auto","background-attachment":"scroll","background-type":"","background-media":"","overlay-type":"","overlay-color":"","overlay-opacity":"","overlay-gradient":""},"mobile":{"background-color":"var(--ast-global-color-4)","background-image":"","background-repeat":"repeat","background-position":"center center","background-size":"auto","background-attachment":"scroll","background-type":"","background-media":"","overlay-type":"","overlay-color":"","overlay-opacity":"","overlay-gradient":""}},"footnotes":""},"class_list":["post-23","page","type-page","status-publish","hentry"],"_links":{"self":[{"href":"https:\/\/hochzeit.tomundtina.at\/index.php?rest_route=\/wp\/v2\/pages\/23","targetHints":{"allow":["GET"]}}],"collection":[{"href":"https:\/\/hochzeit.tomundtina.at\/index.php?rest_route=\/wp\/v2\/pages"}],"about":[{"href":"https:\/\/hochzeit.tomundtina.at\/index.php?rest_route=\/wp\/v2\/types\/page"}],"author":[{"embeddable":true,"href":"https:\/\/hochzeit.tomundtina.at\/index.php?rest_route=\/wp\/v2\/users\/1"}],"replies":[{"embeddable":true,"href":"https:\/\/hochzeit.tomundtina.at\/index.php?rest_route=%2Fwp%2Fv2%2Fcomments&post=23"}],"version-history":[{"count":5,"href":"https:\/\/hochzeit.tomundtina.at\/index.php?rest_route=\/wp\/v2\/pages\/23\/revisions"}],"predecessor-version":[{"id":1102,"href":"https:\/\/hochzeit.tomundtina.at\/index.php?rest_route=\/wp\/v2\/pages\/23\/revisions\/1102"}],"wp:attachment":[{"href":"https:\/\/hochzeit.tomundtina.at\/index.php?rest_route=%2Fwp%2Fv2%2Fmedia&parent=23"}],"curies":[{"name":"wp","href":"https:\/\/api.w.org\/{rel}","templated":true}]}}