{"id":298,"date":"2025-06-12T10:11:58","date_gmt":"2025-06-12T08:11:58","guid":{"rendered":"https:\/\/hochzeit.tomundtina.at\/?page_id=298"},"modified":"2026-03-13T21:07:56","modified_gmt":"2026-03-13T20:07:56","slug":"jhfgk","status":"publish","type":"page","link":"https:\/\/hochzeit.tomundtina.at\/","title":{"rendered":"Start"},"content":{"rendered":"<p><div class=\"gtranslate_wrapper\" id=\"gt-wrapper-16706185\"><\/div>\n<\/p>\n<p><\/p>\n<div class=\"imgheader\"><\/div>\n<p><\/p>\n<p><\/p>\n<div class=\"wp-block-group alignfull has-contrast-color has-text-color has-link-color wp-elements-2983171c2f2fcf0a47b61da3526f8a7d is-layout-constrained wp-container-core-group-is-layout-23b1a4dc wp-block-group-is-layout-constrained\" style=\"padding-top:var(--wp--preset--spacing--30);padding-right:var(--wp--preset--spacing--30);padding-bottom:var(--wp--preset--spacing--30);padding-left:var(--wp--preset--spacing--30)\"><\/p>\n<div class=\"wp-block-group navcontainer is-content-justification-center is-layout-flex wp-container-core-group-is-layout-c124d1c4 wp-block-group-is-layout-flex\"><nav class=\"has-text-color has-ast-global-color-4-color has-medium-font-size is-responsive items-justified-right wp-block-navigation is-horizontal is-content-justification-right is-layout-flex wp-container-core-navigation-is-layout-64619e5e wp-block-navigation-is-layout-flex\" aria-label=\"Navigation\" \n\t\t data-wp-interactive=\"core\/navigation\" data-wp-context='{\"overlayOpenedBy\":{\"click\":false,\"hover\":false,\"focus\":false},\"type\":\"overlay\",\"roleAttribute\":\"\",\"ariaLabel\":\"Men\\u00fc\"}'><button aria-haspopup=\"dialog\" aria-label=\"Men\u00fc \u00f6ffnen\" class=\"wp-block-navigation__responsive-container-open\" \n\t\t\t\tdata-wp-on--click=\"actions.openMenuOnClick\"\n\t\t\t\tdata-wp-on--keydown=\"actions.handleMenuKeydown\"\n\t\t\t><svg width=\"24\" height=\"24\" xmlns=\"http:\/\/www.w3.org\/2000\/svg\" viewBox=\"0 0 24 24\" aria-hidden=\"true\" focusable=\"false\"><path d=\"M4 7.5h16v1.5H4z\"><\/path><path d=\"M4 15h16v1.5H4z\"><\/path><\/svg><\/button>\n\t\t\t\t<div class=\"wp-block-navigation__responsive-container\"  id=\"modal-1\" \n\t\t\t\tdata-wp-class--has-modal-open=\"state.isMenuOpen\"\n\t\t\t\tdata-wp-class--is-menu-open=\"state.isMenuOpen\"\n\t\t\t\tdata-wp-watch=\"callbacks.initMenu\"\n\t\t\t\tdata-wp-on--keydown=\"actions.handleMenuKeydown\"\n\t\t\t\tdata-wp-on--focusout=\"actions.handleMenuFocusout\"\n\t\t\t\ttabindex=\"-1\"\n\t\t\t>\n\t\t\t\t\t<div class=\"wp-block-navigation__responsive-close\" tabindex=\"-1\">\n\t\t\t\t\t\t<div class=\"wp-block-navigation__responsive-dialog\" \n\t\t\t\tdata-wp-bind--aria-modal=\"state.ariaModal\"\n\t\t\t\tdata-wp-bind--aria-label=\"state.ariaLabel\"\n\t\t\t\tdata-wp-bind--role=\"state.roleAttribute\"\n\t\t\t>\n\t\t\t\t\t\t\t<button aria-label=\"Men\u00fc schlie\u00dfen\" class=\"wp-block-navigation__responsive-container-close\" \n\t\t\t\tdata-wp-on--click=\"actions.closeMenuOnClick\"\n\t\t\t><svg xmlns=\"http:\/\/www.w3.org\/2000\/svg\" viewBox=\"0 0 24 24\" width=\"24\" height=\"24\" aria-hidden=\"true\" focusable=\"false\"><path d=\"m13.06 12 6.47-6.47-1.06-1.06L12 10.94 5.53 4.47 4.47 5.53 10.94 12l-6.47 6.47 1.06 1.06L12 13.06l6.47 6.47 1.06-1.06L13.06 12Z\"><\/path><\/svg><\/button>\n\t\t\t\t\t\t\t<div class=\"wp-block-navigation__responsive-container-content\" \n\t\t\t\tdata-wp-watch=\"callbacks.focusFirstElement\"\n\t\t\t id=\"modal-1-content\">\n\t\t\t\t\t\t\t\t<ul class=\"wp-block-navigation__container has-text-color has-ast-global-color-4-color has-medium-font-size is-responsive items-justified-right wp-block-navigation has-medium-font-size\"><li class=\"has-medium-font-size wp-block-navigation-item wp-block-navigation-link\"><a class=\"wp-block-navigation-item__content\"  href=\"#location\"><span class=\"wp-block-navigation-item__label\">Location<\/span><\/a><\/li><li class=\"has-medium-font-size wp-block-navigation-item wp-block-navigation-link\"><a class=\"wp-block-navigation-item__content\"  href=\"#unterkunft\"><span class=\"wp-block-navigation-item__label\">Unterkunft &amp; Anreise<\/span><\/a><\/li><li class=\"has-medium-font-size wp-block-navigation-item wp-block-navigation-link\"><a class=\"wp-block-navigation-item__content\"  href=\"#ablauf\"><span class=\"wp-block-navigation-item__label\">Ablauf<\/span><\/a><\/li><li class=\"has-medium-font-size wp-block-navigation-item wp-block-navigation-link\"><a class=\"wp-block-navigation-item__content\"  href=\"#musik\"><span class=\"wp-block-navigation-item__label\">Musik<\/span><\/a><\/li><li class=\"has-medium-font-size wp-block-navigation-item wp-block-navigation-link\"><a class=\"wp-block-navigation-item__content\"  href=\"#geschenke\"><span class=\"wp-block-navigation-item__label\">W\u00fcnsche<\/span><\/a><\/li><li class=\"has-medium-font-size wp-block-navigation-item wp-block-navigation-link\"><a class=\"wp-block-navigation-item__content\"  href=\"#kontakt\"><span class=\"wp-block-navigation-item__label\">Kontakt<\/span><\/a><\/li><li class=\"has-medium-font-size wp-block-navigation-item wp-block-navigation-link\"><a class=\"wp-block-navigation-item__content\"  href=\"#dresscode\"><span class=\"wp-block-navigation-item__label\">Dresscode<\/span><\/a><\/li><\/ul>\n\t\t\t\t\t\t\t<\/div>\n\t\t\t\t\t\t<\/div>\n\t\t\t\t\t<\/div>\n\t\t\t\t<\/div><\/nav><\/div>\n<p><\/div>\n<p><\/p>\n<p><\/p>\n<div class=\"wp-block-cover start\"><img fetchpriority=\"high\" decoding=\"async\" width=\"1024\" height=\"230\" class=\"wp-block-cover__image-background wp-image-791 size-large\" alt=\"\" src=\"https:\/\/hochzeit.tomundtina.at\/wp-content\/uploads\/2025\/06\/bottom_blue-1024x230.png\" data-object-fit=\"cover\" srcset=\"https:\/\/hochzeit.tomundtina.at\/wp-content\/uploads\/2025\/06\/bottom_blue-1024x230.png 1024w, https:\/\/hochzeit.tomundtina.at\/wp-content\/uploads\/2025\/06\/bottom_blue-300x67.png 300w, https:\/\/hochzeit.tomundtina.at\/wp-content\/uploads\/2025\/06\/bottom_blue-768x173.png 768w, https:\/\/hochzeit.tomundtina.at\/wp-content\/uploads\/2025\/06\/bottom_blue.png 1512w\" sizes=\"(max-width: 1024px) 100vw, 1024px\" \/><span aria-hidden=\"true\" class=\"wp-block-cover__background has-background-dim-0 has-background-dim\" style=\"background-color:#05245d\"><\/span><\/p>\n<div class=\"wp-block-cover__inner-container is-layout-flow wp-block-cover-is-layout-flow\"><\/p>\n<h1 class=\"wp-block-heading has-text-align-center has-large-font-size\">Liebe bis zum Mond und wieder zur\u00fcck!<\/h1>\n<p><\/p>\n<p><\/p>\n<p>Was lange w\u00e4hrt wird endlich gut! Nach 12,5 Jahren hat Thomas an einem wundersch\u00f6nen ruhigen Pl\u00e4tzchen neben der Karlsbr\u00fccke in Prag um Martinas Hand angehalten. Es h\u00e4tte nicht sch\u00f6ner sein k\u00f6nnen!<\/p>\n<p><\/p>\n<p><\/p>\n<p>Nach einigen \u00dcberlegungen haben wir uns dazu entschieden, nahe unserem Lebensmittelpunkt &#8211; also im sch\u00f6nen Weinviertel &#8211; zu heiraten und haben daf\u00fcr das mediterran angehauchte <a href=\"https:\/\/www.weingutbannert.com\/de\/\" data-type=\"link\" data-id=\"https:\/\/www.weingutbannert.com\/de\/\">Weingut Bannert<\/a> ausgesucht. Ihr werden begeistert sein!<\/p>\n<p><\/p>\n<p><\/p>\n<p>Hier auf dieser Website findet ihr n\u00fctzliche Infos rund um die Hochzeit, au\u00dferdem wird es eine Fotogalerie geben, die ihr auch w\u00e4hrend der Hochzeit bef\u00fcllen k\u00f6nnt.<\/p>\n<p><\/p>\n<p><\/p>\n<p>Wir freuen uns sehr darauf unseren sch\u00f6nsten Tag mit euch gemeinsam zu verbringen!<\/p>\n<p><\/div>\n<\/div>\n<p><\/p>\n<p><\/p>\n<div class=\"wp-block-group countdown is-content-justification-center is-nowrap is-layout-flex wp-container-core-group-is-layout-23441af8 wp-block-group-is-layout-flex\"><\/p>\n<div class=\"relationship_wrap\">\n<div class=\"relationship\"><span>Liebe seit<\/span><span class=\"count\"><\/span><span>Tagen<\/span><\/div>\n<\/div>\n<p><\/p>\n<p><\/p>\n<div class=\"wedding_wrap\">\n<div class=\"wedding\"><span>noch<\/span><span class=\"count\"><\/span><span>bis zur Hochzeit<\/span><\/div>\n<\/div>\n<p><\/div>\n<p><\/p>\n<p><\/p>\n<h2 class=\"wp-block-heading has-text-align-center has-border-color has-ast-global-color-4-border-color\" id=\"location\" style=\"border-width:20px\">Die Location<\/h2>\n<p><\/p>\n<p><\/p>\n<div class=\"wp-block-group locationinfo is-nowrap is-layout-flex wp-container-core-group-is-layout-6c531013 wp-block-group-is-layout-flex\"><\/p>\n<figure class=\"wp-block-image aligncenter size-full\"><img decoding=\"async\" width=\"1024\" height=\"683\" src=\"https:\/\/hochzeit.tomundtina.at\/wp-content\/uploads\/2025\/06\/Weingut-Bannert-Das-Weingut-1024x683-1.jpg\" alt=\"\" class=\"wp-image-513\" srcset=\"https:\/\/hochzeit.tomundtina.at\/wp-content\/uploads\/2025\/06\/Weingut-Bannert-Das-Weingut-1024x683-1.jpg 1024w, https:\/\/hochzeit.tomundtina.at\/wp-content\/uploads\/2025\/06\/Weingut-Bannert-Das-Weingut-1024x683-1-300x200.jpg 300w, https:\/\/hochzeit.tomundtina.at\/wp-content\/uploads\/2025\/06\/Weingut-Bannert-Das-Weingut-1024x683-1-768x512.jpg 768w\" sizes=\"(max-width: 1024px) 100vw, 1024px\" \/><\/figure>\n<p><\/p>\n<p><\/p>\n<div class=\"wp-block-group has-ast-global-color-4-background-color has-background is-content-justification-center is-layout-constrained wp-block-group-is-layout-constrained\"><\/p>\n<p>Das Weingut Bannert ist ein traumhaft sch\u00f6ner Ort, wenige Minuten von Retz entfernt am Rande von Obermarkersdorf. Der mediterrane Flair l\u00e4d zum genie\u00dfen ein. Umringt von Weing\u00e4rten bietet es eine bombastische Aussicht. <\/p>\n<p><\/p>\n<p><\/p>\n<p>Die jungen Betreiber Manfred und Nicole sind super sympathisch und stehen Mit Rat und Tat zur Seite egal ob es um ihren Wein, die Location oder die Organisation von Veranstaltungen geht.<\/p>\n<p><\/p>\n<p><\/p>\n<p>Wer mehr \u00fcber das Weingut Bannert erfahren m\u00f6chte findet viele Infos und Impressionen auf deren Website <a href=\"https:\/\/www.weingutbannert.com\">www.weingutbannert.com<\/a>. <\/p>\n<p><\/p>\n<p><\/p>\n<p>Kontaktdaten:<br \/><a href=\"tel:0043029428337\">+43 (0)2942 8337<\/a><br \/><a href=\"mailto:office@weingutbannert.com\">office@weingutbannert.com<\/a><\/p>\n<p><\/div>\n<p><\/div>\n<p><\/p>\n<p><\/p>\n<h2 class=\"wp-block-heading has-text-align-center has-border-color has-ast-global-color-4-border-color\" id=\"unterkunft\" style=\"border-width:20px\">Unterkunft &amp; Anreise<\/h2>\n<p><\/p>\n<p><\/p>\n<div class=\"wp-block-group unterkunftcontent is-layout-constrained wp-block-group-is-layout-constrained\"><\/p>\n<p>Nachdem es mit dem urspr\u00fcnglich geplanten Hotel leider zu Problemen gekommen ist haben wir uns bereits f\u00fcr alle G\u00e4ste die eine Unterkunft ben\u00f6tigen um eine Alternative gek\u00fcmmert.<\/p>\n<p><\/p>\n<p><\/p>\n<p>Einen Shuttle von den Unterk\u00fcnften zur Hochzeitslocation wird es nat\u00fcrlich trotzdem geben. Es werden f\u00fcr die Abholung folgende Stationen angefahren:<\/p>\n<p><\/p>\n<p><\/p>\n<p>Retz:<br \/>Hotel Am Znaimertor<br \/>Appartments Vineyard19<\/p>\n<p><\/p>\n<p><\/p>\n<p>Unternalb:<br \/>Hotel OBENauf<\/p>\n<p><\/p>\n<p><\/p>\n<p>Pulkau:<br \/>Privatunterkunft<\/p>\n<p><\/p>\n<p><\/p>\n<p>Sollte noch ein Shuttle von einer weiteren Unterkunft ben\u00f6tigt werden, bitten wir um Kontaktaufnahme. Das l\u00e4sst sich sicher organisieren.<\/p>\n<p><\/div>\n<p><\/p>\n<p>\n<\/p>\n<p><\/p>\n<div class=\"wp-block-group ablaufmusikcontent is-content-justification-space-between is-nowrap is-layout-flex wp-container-core-group-is-layout-4e2e7437 wp-block-group-is-layout-flex\"><\/p>\n<div class=\"wp-block-group ablauf is-vertical is-content-justification-center is-layout-flex wp-container-core-group-is-layout-ce155fab wp-block-group-is-layout-flex\"><\/p>\n<h2 class=\"wp-block-heading has-text-align-center has-border-color has-ast-global-color-4-border-color\" id=\"ablauf\" style=\"border-width:20px\">Ablauf<\/h2>\n<p><\/p>\n<p><\/p>\n<p class=\"has-text-align-center\">Im in der Einladung gedruckten Ablauf hat es eine kleine \u00c4nderung gegeben. Die Hochzeitstorte wird bereits beim Sektempfang angeschnitten und serviert.<\/p>\n<p><\/p>\n<p><\/p>\n<figure class=\"wp-block-image size-full is-resized\"><img decoding=\"async\" width=\"128\" height=\"128\" src=\"http:\/\/hochzeit.tomundtina.at\/wp-content\/uploads\/2025\/06\/mapicon_blue.png\" alt=\"\" class=\"wp-image-766\" style=\"object-fit:cover;width:50px;height:50px\"\/><\/figure>\n<p><\/p>\n<p><\/p>\n<p class=\"has-text-align-center\"><strong>15 Uhr<\/strong><br \/>Ankunft der G\u00e4ste<\/p>\n<p><\/p>\n<p><\/p>\n<figure class=\"wp-block-image size-full is-resized\"><img loading=\"lazy\" decoding=\"async\" width=\"128\" height=\"128\" src=\"http:\/\/hochzeit.tomundtina.at\/wp-content\/uploads\/2025\/06\/hochzeit_blue.png\" alt=\"\" class=\"wp-image-770\" style=\"object-fit:cover;width:50px;height:50px\"\/><\/figure>\n<p><\/p>\n<p><\/p>\n<p class=\"has-text-align-center\"><strong>16 Uhr<\/strong><br \/>standesamtliche Trauung<\/p>\n<p><\/p>\n<p><\/p>\n<figure class=\"wp-block-image size-full is-resized\"><img loading=\"lazy\" decoding=\"async\" width=\"128\" height=\"128\" src=\"http:\/\/hochzeit.tomundtina.at\/wp-content\/uploads\/2025\/06\/champagner_blue.png\" alt=\"\" class=\"wp-image-769\" style=\"object-fit:cover;width:50px;height:50px\"\/><\/figure>\n<p><\/p>\n<p><\/p>\n<p class=\"has-text-align-center\"><strong>16:30 Uhr<\/strong><br \/>Sektempfang &amp; Anschnitt der Hochzeitstorte<\/p>\n<p><\/p>\n<p><\/p>\n<figure class=\"wp-block-image size-full is-resized\"><img loading=\"lazy\" decoding=\"async\" width=\"128\" height=\"128\" src=\"http:\/\/hochzeit.tomundtina.at\/wp-content\/uploads\/2025\/06\/bankett_blue.png\" alt=\"\" class=\"wp-image-768\" style=\"object-fit:cover;width:50px;height:50px\"\/><\/figure>\n<p><\/p>\n<p><\/p>\n<p class=\"has-text-align-center\">1<strong>9 Uhr<\/strong><br \/>Abendessen<\/p>\n<p><\/p>\n<p><\/p>\n<figure class=\"wp-block-image size-full is-resized\"><img loading=\"lazy\" decoding=\"async\" width=\"128\" height=\"128\" src=\"http:\/\/hochzeit.tomundtina.at\/wp-content\/uploads\/2025\/06\/musiknoten_blue.png\" alt=\"\" class=\"wp-image-767\" style=\"object-fit:cover;width:50px;height:50px\"\/><\/figure>\n<p><\/p>\n<p><\/p>\n<p class=\"has-text-align-center\"><strong>bis 03:00 Uhr<\/strong><br \/>Party!!!<\/p>\n<p><\/div>\n<p><\/p>\n<p><\/p>\n<div class=\"divider\"><\/div>\n<p><\/p>\n<p><\/p>\n<div class=\"wp-block-group musik is-vertical is-layout-flex wp-container-core-group-is-layout-fe9cc265 wp-block-group-is-layout-flex\"><\/p>\n<h2 class=\"wp-block-heading has-text-align-center\" id=\"musik\">Musik<\/h2>\n<p><\/p>\n<p><\/p>\n<div class=\"wp-block-contact-form-7-contact-form-selector\">\n<div class=\"wpcf7 no-js\" id=\"wpcf7-f51-o1\" lang=\"de-AT\" dir=\"ltr\" data-wpcf7-id=\"51\">\n<div class=\"screen-reader-response\"><p role=\"status\" aria-live=\"polite\" aria-atomic=\"true\"><\/p> <ul><\/ul><\/div>\n<form action=\"\/index.php?rest_route=%2Fwp%2Fv2%2Fpages%2F298#wpcf7-f51-o1\" method=\"post\" class=\"wpcf7-form init\" id=\"musikform\" aria-label=\"Contact form\" novalidate=\"novalidate\" data-status=\"init\">\n<fieldset class=\"hidden-fields-container\"><input type=\"hidden\" name=\"_wpcf7\" value=\"51\" \/><input type=\"hidden\" name=\"_wpcf7_version\" value=\"6.1.5\" \/><input type=\"hidden\" name=\"_wpcf7_locale\" value=\"de_AT\" \/><input type=\"hidden\" name=\"_wpcf7_unit_tag\" value=\"wpcf7-f51-o1\" \/><input type=\"hidden\" name=\"_wpcf7_container_post\" value=\"0\" \/><input type=\"hidden\" name=\"_wpcf7_posted_data_hash\" value=\"\" \/>\n<\/fieldset>\n<p class=\"musikdescr\">Wir m\u00f6chten auf unserer Hochzeit gerne musikalische Untermalung haben, bei der f\u00fcr alle G\u00e4ste was dabei ist. Also haut flei\u00dfig in die Tasten und gebt eure Songvorschl\u00e4ge ab, die wir dann in eine Playlist packen. (Fast) alles ist erlaubt \ud83d\ude42\n<\/p>\n<p class=\"musikdescr\">Ihr k\u00f6nnt bis zu 3 Songs vorschlagen, wenn eure Wunschliste l\u00e4nger ist, k\u00f6nnt ihr Das Formular einfach mehrmals abschicken.\n<\/p>\n<p><label> Dein Name *<br \/>\n<span class=\"wpcf7-form-control-wrap\" data-name=\"sendername\"><input size=\"40\" maxlength=\"400\" class=\"wpcf7-form-control wpcf7-text wpcf7-validates-as-required\" aria-required=\"true\" aria-invalid=\"false\" value=\"\" type=\"text\" name=\"sendername\" \/><\/span> <\/label><br \/>\n<label> Songtitel *<br \/>\n<span class=\"wpcf7-form-control-wrap\" data-name=\"title1\"><input size=\"40\" maxlength=\"400\" class=\"wpcf7-form-control wpcf7-text wpcf7-validates-as-required\" aria-required=\"true\" aria-invalid=\"false\" value=\"\" type=\"text\" name=\"title1\" \/><\/span> <\/label><br \/>\n<label> Interpret *<br \/>\n<span class=\"wpcf7-form-control-wrap\" data-name=\"interpret1\"><input size=\"40\" maxlength=\"400\" class=\"wpcf7-form-control wpcf7-text wpcf7-validates-as-required\" aria-required=\"true\" aria-invalid=\"false\" value=\"\" type=\"text\" name=\"interpret1\" \/><\/span> <\/label><br \/>\n<label> Songtitel<br \/>\n<span class=\"wpcf7-form-control-wrap\" data-name=\"title2\"><input size=\"40\" maxlength=\"400\" class=\"wpcf7-form-control wpcf7-text\" aria-invalid=\"false\" value=\"\" type=\"text\" name=\"title2\" \/><\/span> <\/label><br \/>\n<label> Interpret<br \/>\n<span class=\"wpcf7-form-control-wrap\" data-name=\"interpret2\"><input size=\"40\" maxlength=\"400\" class=\"wpcf7-form-control wpcf7-text\" aria-invalid=\"false\" value=\"\" type=\"text\" name=\"interpret2\" \/><\/span> <\/label><br \/>\n<label> Songtitel<br \/>\n<span class=\"wpcf7-form-control-wrap\" data-name=\"title3\"><input size=\"40\" maxlength=\"400\" class=\"wpcf7-form-control wpcf7-text\" aria-invalid=\"false\" value=\"\" type=\"text\" name=\"title3\" \/><\/span> <\/label><br \/>\n<label> Interpret<br \/>\n<span class=\"wpcf7-form-control-wrap\" data-name=\"interpret3\"><input size=\"40\" maxlength=\"400\" class=\"wpcf7-form-control wpcf7-text\" aria-invalid=\"false\" value=\"\" type=\"text\" name=\"interpret3\" \/><\/span> <\/label><br \/>\n<input class=\"wpcf7-form-control wpcf7-submit has-spinner\" type=\"submit\" value=\"Vorschlag abschicken\" \/>\n<\/p><p style=\"display: none !important;\" class=\"akismet-fields-container\" data-prefix=\"_wpcf7_ak_\"><label>&#916;<textarea name=\"_wpcf7_ak_hp_textarea\" cols=\"45\" rows=\"8\" maxlength=\"100\"><\/textarea><\/label><input type=\"hidden\" id=\"ak_js_1\" name=\"_wpcf7_ak_js\" value=\"186\"\/><script>document.getElementById( \"ak_js_1\" ).setAttribute( \"value\", ( new Date() ).getTime() );<\/script><\/p><div class=\"wpcf7-response-output\" aria-hidden=\"true\"><\/div>\n<\/form>\n<\/div>\n<\/div>\n<p><\/div>\n<p><\/p>\n<p><\/p>\n<p><\/div>\n<p><\/p>\n<p><\/p>\n<p><\/p>\n<p><\/p>\n<p><\/p>\n<div class=\"wp-block-group dresscode is-layout-constrained wp-block-group-is-layout-constrained\"><\/p>\n<h2 class=\"wp-block-heading has-text-align-center\" id=\"dresscode\">Dresscode<\/h2>\n<p><\/p>\n<p><\/p>\n<p>Wir m\u00f6chten dass ihr euch auf unserer Hochzeit wohl f\u00fchlt &#8211; es gibt daher KEINEN Dresscode. Wir freuen uns \u00fcber eine kunterbunte sommerliche und festliche Mischung. Auch Tracht ist gern gesehen. <\/p>\n<p><\/p>\n<p><\/p>\n<p>Wer m\u00f6chte kann sich an unseren Hochzeitsfarben Dunkelblau &amp; Gold orientieren, ihr k\u00f6nnt aber auch gern in pink mit t\u00fcrkisen Tupfen feiern, wenn ihr euch wohl f\u00fchlt \ud83d\ude09 Ganz klassisch w\u00fcrden wir uns nur w\u00fcnschen, dass ihr auf rein wei\u00df und rein schwarz verzichtet.<\/p>\n<p>Anmerkung f\u00fcr die Damen die gerne hohe Schuhe tragen: Die Trauung findet bei sch\u00f6nem Wetter im Hochzeitsgarten statt. Die Sitzpl\u00e4tze befinden sich in der Wiese und der Weg ist teilwei\u00dfe geschottert. Der Rest vom Au\u00dfenbereich der Location ist gepflastert.<\/p>\n<p><\/div>\n<p><\/p>\n<p><\/p>\n<h2 class=\"wp-block-heading has-text-align-center has-border-color has-ast-global-color-4-border-color\" id=\"kontakt\" style=\"border-width:20px\">Kontakt<\/h2>\n<p><\/p>\n<p><\/p>\n<div class=\"wp-block-group kontaktcontent is-layout-constrained wp-block-group-is-layout-constrained\"><\/p>\n<p class=\"has-text-align-center\">Wenn ihr Fragen habt k\u00f6nnt ihr uns gerne kontaktieren!<\/p>\n<p><\/p>\n<p><\/p>\n<div class=\"wp-block-columns is-layout-flex wp-container-core-columns-is-layout-28f84493 wp-block-columns-is-layout-flex\"><\/p>\n<div class=\"wp-block-column is-layout-flow wp-block-column-is-layout-flow\" style=\"flex-basis:100%\"><\/p>\n<div class=\"wp-block-columns is-layout-flex wp-container-core-columns-is-layout-28f84493 wp-block-columns-is-layout-flex\"><\/p>\n<div class=\"wp-block-column is-layout-flow wp-block-column-is-layout-flow\"><\/p>\n<p class=\"has-text-align-center\"><strong>Martina<\/strong><br \/>069911060488<br \/>martina_hack@gmx.at<\/p>\n<p><\/div>\n<p><\/p>\n<p><\/p>\n<div class=\"wp-block-column is-layout-flow wp-block-column-is-layout-flow\"><\/p>\n<p class=\"has-text-align-center\"><strong>Thomas<\/strong><br \/>06765568252<br \/>tzwettler@gmx.at<\/p>\n<p><\/div>\n<p><\/div>\n<p><\/div>\n<p><\/div>\n<p><\/p>\n<p><\/p>\n<h3 class=\"wp-block-heading has-text-align-center\">Trauzeugen<\/h3>\n<p><\/p>\n<p><\/p>\n<p class=\"has-text-align-center\">Unsere Trauzeugen\/Trauzeuginnen sind unser R\u00fcckgrat in Sachen Organisation. Kaum eine Entscheidung ist gefallen, ohne nicht zumindest Feedback bei unseren lieben Freunden eingeholt zu haben. Solltet ihr eine \u00dcberraschung oder eine besondere Aktion planen, bitten wir euch, dass mit ihnen abzusprechen. Alles was nicht abgesprochen ist, findet auch nicht statt.<\/p>\n<p><\/p>\n<p><\/p>\n<div class=\"wp-block-columns is-layout-flex wp-container-core-columns-is-layout-28f84493 wp-block-columns-is-layout-flex\"><\/p>\n<div class=\"wp-block-column is-layout-flow wp-block-column-is-layout-flow\"><\/p>\n<p class=\"has-text-align-center\">Martinas Trauzeuginnen<\/p>\n<p><\/p>\n<p><\/p>\n<p class=\"has-text-align-center\"><strong>Daniela<\/strong><br \/>06504150810<\/p>\n<p><\/p>\n<p><\/p>\n<p class=\"has-text-align-center\"><strong>Doris<\/strong><br \/>06504716445<\/p>\n<p><\/div>\n<p><\/p>\n<p><\/p>\n<div class=\"wp-block-column is-layout-flow wp-block-column-is-layout-flow\"><\/p>\n<p class=\"has-text-align-center\">Thomas Trauzeugen<\/p>\n<p><\/p>\n<p><\/p>\n<p class=\"has-text-align-center\"><strong>Christoph<\/strong><br \/>066473825051<\/p>\n<p><\/p>\n<p><\/p>\n<p class=\"has-text-align-center\"><strong>Stefan<\/strong><br \/>06503807970<\/p>\n<p><\/div>\n<p><\/div>\n<p><\/div>\n<p><\/p>\n<p><\/p>\n<p><\/p>\n","protected":false},"excerpt":{"rendered":"<p>Liebe seitTagen nochbis zur Hochzeit Die Location Das Weingut Bannert ist ein traumhaft sch\u00f6ner Ort, wenige Minuten von Retz entfernt [&hellip;]<\/p>\n","protected":false},"author":1,"featured_media":0,"parent":0,"menu_order":0,"comment_status":"closed","ping_status":"closed","template":"","meta":{"site-sidebar-layout":"default","site-content-layout":"","ast-site-content-layout":"","site-content-style":"default","site-sidebar-style":"default","ast-global-header-display":"","ast-banner-title-visibility":"","ast-main-header-display":"","ast-hfb-above-header-display":"","ast-hfb-below-header-display":"","ast-hfb-mobile-header-display":"","site-post-title":"disabled","ast-breadcrumbs-content":"","ast-featured-img":"","footer-sml-layout":"","ast-disable-related-posts":"","theme-transparent-header-meta":"","adv-header-id-meta":"","stick-header-meta":"","header-above-stick-meta":"","header-main-stick-meta":"","header-below-stick-meta":"","astra-migrate-meta-layouts":"default","ast-page-background-enabled":"default","ast-page-background-meta":{"desktop":{"background-color":"var(--ast-global-color-5)","background-image":"","background-repeat":"repeat","background-position":"center center","background-size":"auto","background-attachment":"scroll","background-type":"","background-media":"","overlay-type":"","overlay-color":"","overlay-opacity":"","overlay-gradient":""},"tablet":{"background-color":"","background-image":"","background-repeat":"repeat","background-position":"center center","background-size":"auto","background-attachment":"scroll","background-type":"","background-media":"","overlay-type":"","overlay-color":"","overlay-opacity":"","overlay-gradient":""},"mobile":{"background-color":"","background-image":"","background-repeat":"repeat","background-position":"center center","background-size":"auto","background-attachment":"scroll","background-type":"","background-media":"","overlay-type":"","overlay-color":"","overlay-opacity":"","overlay-gradient":""}},"ast-content-background-meta":{"desktop":{"background-color":"var(--ast-global-color-4)","background-image":"","background-repeat":"repeat","background-position":"center center","background-size":"auto","background-attachment":"scroll","background-type":"","background-media":"","overlay-type":"","overlay-color":"","overlay-opacity":"","overlay-gradient":""},"tablet":{"background-color":"var(--ast-global-color-4)","background-image":"","background-repeat":"repeat","background-position":"center center","background-size":"auto","background-attachment":"scroll","background-type":"","background-media":"","overlay-type":"","overlay-color":"","overlay-opacity":"","overlay-gradient":""},"mobile":{"background-color":"var(--ast-global-color-4)","background-image":"","background-repeat":"repeat","background-position":"center center","background-size":"auto","background-attachment":"scroll","background-type":"","background-media":"","overlay-type":"","overlay-color":"","overlay-opacity":"","overlay-gradient":""}},"footnotes":""},"class_list":["post-298","page","type-page","status-publish","hentry"],"_links":{"self":[{"href":"https:\/\/hochzeit.tomundtina.at\/index.php?rest_route=\/wp\/v2\/pages\/298","targetHints":{"allow":["GET"]}}],"collection":[{"href":"https:\/\/hochzeit.tomundtina.at\/index.php?rest_route=\/wp\/v2\/pages"}],"about":[{"href":"https:\/\/hochzeit.tomundtina.at\/index.php?rest_route=\/wp\/v2\/types\/page"}],"author":[{"embeddable":true,"href":"https:\/\/hochzeit.tomundtina.at\/index.php?rest_route=\/wp\/v2\/users\/1"}],"replies":[{"embeddable":true,"href":"https:\/\/hochzeit.tomundtina.at\/index.php?rest_route=%2Fwp%2Fv2%2Fcomments&post=298"}],"version-history":[{"count":150,"href":"https:\/\/hochzeit.tomundtina.at\/index.php?rest_route=\/wp\/v2\/pages\/298\/revisions"}],"predecessor-version":[{"id":1107,"href":"https:\/\/hochzeit.tomundtina.at\/index.php?rest_route=\/wp\/v2\/pages\/298\/revisions\/1107"}],"wp:attachment":[{"href":"https:\/\/hochzeit.tomundtina.at\/index.php?rest_route=%2Fwp%2Fv2%2Fmedia&parent=298"}],"curies":[{"name":"wp","href":"https:\/\/api.w.org\/{rel}","templated":true}]}}