{"id":939,"date":"2025-06-19T14:36:48","date_gmt":"2025-06-19T12:36:48","guid":{"rendered":"https:\/\/hochzeit.tomundtina.at\/?page_id=939"},"modified":"2025-06-19T15:46:37","modified_gmt":"2025-06-19T13:46:37","slug":"fotos-hochladen","status":"publish","type":"page","link":"https:\/\/hochzeit.tomundtina.at\/?page_id=939","title":{"rendered":"Fotos hochladen"},"content":{"rendered":"<p>\t<script type=\"text\/javascript\">\n\t\tvar _uploaderInit = {\"browse_button\":\"plupload-browse-button\",\"container\":\"plupload-upload-ui\",\"drop_element\":\"drag-drop-area\",\"file_data_name\":\"async-upload\",\"url\":\"https:\\\/\\\/hochzeit.tomundtina.at\\\/wp-admin\\\/admin-ajax.php\",\"filters\":{\"max_file_size\":\"8388608b\",\"mime_types\":[{\"extensions\":\"jpg,jpeg,png,mpeg,mpgmpe,mp4,ogg,ogv,mov,avi,3gp\"}]},\"multipart_params\":{\"action\":\"plupload_wordpress_uploader_action\",\"_wpnonce\":\"1ca8e98209\"}};\n\t<\/script>\n\t<div class=\"lead\">Wollt ihr einen besondern Moment auf unserer Hochzeit den ihr mit eurem Handy festgehalten habt mit uns teilen? Hier k\u00f6nnt ihr Fotos und Videos einfach hochladen damit sie die ganze Hochzeitsgesellschaft sehen kann!<\/div>\n\t<div class=\"uploader-form\">\n\t\t<div id=\"plupload-upload-ui\" class=\"hide-if-no-js\">\n\t\t\t<div id=\"drag-drop-area\">\n\t\t\t\t<div class=\"drag-drop-inside\">\n\t\t\t\t<p class=\"drag-drop-buttons\"><input id=\"plupload-browse-button\" type=\"button\" value=\"Dateien ausw\u00e4hlen\" class=\"button\" \/><\/p>\n\t\t\t\t<p>Dateiliste:<\/p>\n                <div id=\"filelist\"><\/div>   \n\t\t\t\t<!--div id=\"dndwrap\"><p class=\"drag-drop-info\">Dateien hier hin ziehen um sie hochzuladen<\/p><\/!--div -->\n\t\t\t\t<\/div>\n\t\t\t<\/div>\n\t\t<\/div>\n        \n        <button id=\"uploadfiles\">Upload!<\/button>\n\t\t<p class=\"max-upload-size\">\n\t\t\tMaximale Dateigr\u00f6\u00dfe f\u00fcr Uploads: 8 MB.\t\t<\/p>\n\t\t<div id=\"media-upload-error\"><\/div>\n\t\t<div id=\"media-items\">\n        <div class=\"centered portrait\"><a href=\"https:\/\/hochzeit.tomundtina.at\/wp-content\/uploads\/2026\/03\/IMG20260326123246-scaled.jpg\" data-slb-active=\"1\" data-slb-asset=\"104425869\" data-slb-internal=\"0\" data-slb-group=\"slb\"><img decoding=\"async\" class=\"attachment\" src=\"https:\/\/hochzeit.tomundtina.at\/wp-content\/uploads\/2026\/03\/IMG20260326123246-134x300.jpg\" alt=\"\" \/><\/a><\/div><div class=\"centered landscape\"><video height=\"300\" codec=\"\" controls><source src=\"https:\/\/hochzeit.tomundtina.at\/wp-content\/uploads\/2026\/03\/VID20260327153346.mp4\" type=\"video\/mp4\"><\/video><\/div><div class=\"centered landscape\"><video height=\"300\" codec=\"\" controls><source src=\"https:\/\/hochzeit.tomundtina.at\/wp-content\/uploads\/2026\/02\/VID-20260124-WA0014.mp4\" type=\"video\/mp4\"><\/video><\/div><div class=\"centered portrait\"><a href=\"https:\/\/hochzeit.tomundtina.at\/wp-content\/uploads\/2026\/02\/1000094239.jpg\" data-slb-active=\"1\" data-slb-asset=\"1300856490\" data-slb-internal=\"0\" data-slb-group=\"slb\"><img decoding=\"async\" class=\"attachment\" src=\"https:\/\/hochzeit.tomundtina.at\/wp-content\/uploads\/2026\/02\/1000094239-138x300.jpg\" alt=\"\" \/><\/a><\/div><div class=\"centered portrait\"><a href=\"https:\/\/hochzeit.tomundtina.at\/wp-content\/uploads\/2026\/02\/1000094138.jpg\" data-slb-active=\"1\" data-slb-asset=\"1197036635\" data-slb-internal=\"0\" data-slb-group=\"slb\"><img decoding=\"async\" class=\"attachment\" src=\"https:\/\/hochzeit.tomundtina.at\/wp-content\/uploads\/2026\/02\/1000094138-135x300.jpg\" alt=\"\" \/><\/a><\/div><div class=\"centered landscape\"><a href=\"https:\/\/hochzeit.tomundtina.at\/wp-content\/uploads\/2026\/02\/1000094360-scaled.jpg\" data-slb-active=\"1\" data-slb-asset=\"1359979277\" data-slb-internal=\"0\" data-slb-group=\"slb\"><img decoding=\"async\" class=\"attachment\" src=\"https:\/\/hochzeit.tomundtina.at\/wp-content\/uploads\/2026\/02\/1000094360-300x134.jpg\" alt=\"\" \/><\/a><\/div><div class=\"centered portrait\"><a href=\"https:\/\/hochzeit.tomundtina.at\/wp-content\/uploads\/2026\/02\/1000094349.jpg\" data-slb-active=\"1\" data-slb-asset=\"431060989\" data-slb-internal=\"0\" data-slb-group=\"slb\"><img decoding=\"async\" class=\"attachment\" src=\"https:\/\/hochzeit.tomundtina.at\/wp-content\/uploads\/2026\/02\/1000094349-135x300.jpg\" alt=\"\" \/><\/a><\/div><div class=\"centered landscape\"><a href=\"https:\/\/hochzeit.tomundtina.at\/wp-content\/uploads\/2026\/01\/493077118_23868196099431549_5890332895963588172_n.jpg\" data-slb-active=\"1\" data-slb-asset=\"298800071\" data-slb-internal=\"0\" data-slb-group=\"slb\"><img decoding=\"async\" class=\"attachment\" src=\"https:\/\/hochzeit.tomundtina.at\/wp-content\/uploads\/2026\/01\/493077118_23868196099431549_5890332895963588172_n-300x298.jpg\" alt=\"\" \/><\/a><\/div><div class=\"centered landscape\"><a href=\"https:\/\/hochzeit.tomundtina.at\/wp-content\/uploads\/2026\/01\/bannert.png\" data-slb-active=\"1\" data-slb-asset=\"2088442832\" data-slb-internal=\"0\" data-slb-group=\"slb\"><img decoding=\"async\" class=\"attachment\" src=\"https:\/\/hochzeit.tomundtina.at\/wp-content\/uploads\/2026\/01\/bannert-300x153.png\" alt=\"\" \/><\/a><\/div><div class=\"centered portrait\"><a href=\"https:\/\/hochzeit.tomundtina.at\/wp-content\/uploads\/2026\/01\/hochzeit.png\" data-slb-active=\"1\" data-slb-asset=\"799370015\" data-slb-internal=\"0\" data-slb-group=\"slb\"><img decoding=\"async\" class=\"attachment\" src=\"https:\/\/hochzeit.tomundtina.at\/wp-content\/uploads\/2026\/01\/hochzeit.png\" alt=\"\" \/><\/a><\/div><div class=\"centered landscape\"><a href=\"https:\/\/hochzeit.tomundtina.at\/wp-content\/uploads\/2026\/01\/Firefly_Katzensilouetten-als-Hochzeitspaar-in-Herz-497564.jpg\" data-slb-active=\"1\" data-slb-asset=\"1106333891\" data-slb-internal=\"0\" data-slb-group=\"slb\"><img decoding=\"async\" class=\"attachment\" src=\"https:\/\/hochzeit.tomundtina.at\/wp-content\/uploads\/2026\/01\/Firefly_Katzensilouetten-als-Hochzeitspaar-in-Herz-497564-300x233.jpg\" alt=\"\" \/><\/a><\/div><div class=\"centered landscape\"><a href=\"https:\/\/hochzeit.tomundtina.at\/wp-content\/uploads\/2025\/06\/Firefly_Bitte-generiere-mir-ein-romantisches-quadratisches-Logo-mit-zwei-T-inspiriert-durch-A-621208.jpg\" data-slb-active=\"1\" data-slb-asset=\"1899211018\" data-slb-internal=\"0\" data-slb-group=\"slb\"><img decoding=\"async\" class=\"attachment\" src=\"https:\/\/hochzeit.tomundtina.at\/wp-content\/uploads\/2025\/06\/Firefly_Bitte-generiere-mir-ein-romantisches-quadratisches-Logo-mit-zwei-T-inspiriert-durch-A-621208-300x233.jpg\" alt=\"\" \/><\/a><\/div><div class=\"centered landscape\"><a href=\"https:\/\/hochzeit.tomundtina.at\/wp-content\/uploads\/2025\/06\/Firefly_Bitte-generiere-mir-ein-romantisches-quadratisches-Logo-mit-zwei-T-inspiriert-durch-A-10206.jpg\" data-slb-active=\"1\" data-slb-asset=\"1375565941\" data-slb-internal=\"0\" data-slb-group=\"slb\"><img decoding=\"async\" class=\"attachment\" src=\"https:\/\/hochzeit.tomundtina.at\/wp-content\/uploads\/2025\/06\/Firefly_Bitte-generiere-mir-ein-romantisches-quadratisches-Logo-mit-zwei-T-inspiriert-durch-A-10206-300x233.jpg\" alt=\"\" \/><\/a><\/div><div class=\"centered landscape\"><a href=\"https:\/\/hochzeit.tomundtina.at\/wp-content\/uploads\/2025\/06\/Firefly_Bitte-generiere-mir-ein-romantisches-quadratisches-Logo-mit-zwei-T-inspiriert-durch-A-303445.jpg\" data-slb-active=\"1\" data-slb-asset=\"1262748156\" data-slb-internal=\"0\" data-slb-group=\"slb\"><img decoding=\"async\" class=\"attachment\" src=\"https:\/\/hochzeit.tomundtina.at\/wp-content\/uploads\/2025\/06\/Firefly_Bitte-generiere-mir-ein-romantisches-quadratisches-Logo-mit-zwei-T-inspiriert-durch-A-303445-300x233.jpg\" alt=\"\" \/><\/a><\/div><div class=\"centered landscape\"><a href=\"https:\/\/hochzeit.tomundtina.at\/wp-content\/uploads\/2025\/06\/Firefly_Bitte-generiere-mir-ein-romantisches-quadratisches-Logo-mit-zwei-T-inspiriert-durch-A-141024.jpg\" data-slb-active=\"1\" data-slb-asset=\"926542191\" data-slb-internal=\"0\" data-slb-group=\"slb\"><img decoding=\"async\" class=\"attachment\" src=\"https:\/\/hochzeit.tomundtina.at\/wp-content\/uploads\/2025\/06\/Firefly_Bitte-generiere-mir-ein-romantisches-quadratisches-Logo-mit-zwei-T-inspiriert-durch-A-141024-300x233.jpg\" alt=\"\" \/><\/a><\/div>        <\/div>\n\t\t<div id=\"media-file-errors\"><\/div>\n\t\t<\/div>\n\t\n<\/p>\n<p><\/p>\n<p><\/p>\n","protected":false},"excerpt":{"rendered":"","protected":false},"author":1,"featured_media":0,"parent":0,"menu_order":0,"comment_status":"closed","ping_status":"closed","template":"","meta":{"site-sidebar-layout":"default","site-content-layout":"","ast-site-content-layout":"","site-content-style":"default","site-sidebar-style":"default","ast-global-header-display":"","ast-banner-title-visibility":"","ast-main-header-display":"","ast-hfb-above-header-display":"","ast-hfb-below-header-display":"","ast-hfb-mobile-header-display":"","site-post-title":"disabled","ast-breadcrumbs-content":"","ast-featured-img":"","footer-sml-layout":"","ast-disable-related-posts":"","theme-transparent-header-meta":"","adv-header-id-meta":"","stick-header-meta":"","header-above-stick-meta":"","header-main-stick-meta":"","header-below-stick-meta":"","astra-migrate-meta-layouts":"default","ast-page-background-enabled":"default","ast-page-background-meta":{"desktop":{"background-color":"var(--ast-global-color-5)","background-image":"","background-repeat":"repeat","background-position":"center center","background-size":"auto","background-attachment":"scroll","background-type":"","background-media":"","overlay-type":"","overlay-color":"","overlay-opacity":"","overlay-gradient":""},"tablet":{"background-color":"","background-image":"","background-repeat":"repeat","background-position":"center center","background-size":"auto","background-attachment":"scroll","background-type":"","background-media":"","overlay-type":"","overlay-color":"","overlay-opacity":"","overlay-gradient":""},"mobile":{"background-color":"","background-image":"","background-repeat":"repeat","background-position":"center center","background-size":"auto","background-attachment":"scroll","background-type":"","background-media":"","overlay-type":"","overlay-color":"","overlay-opacity":"","overlay-gradient":""}},"ast-content-background-meta":{"desktop":{"background-color":"var(--ast-global-color-4)","background-image":"","background-repeat":"repeat","background-position":"center center","background-size":"auto","background-attachment":"scroll","background-type":"","background-media":"","overlay-type":"","overlay-color":"","overlay-opacity":"","overlay-gradient":""},"tablet":{"background-color":"var(--ast-global-color-4)","background-image":"","background-repeat":"repeat","background-position":"center center","background-size":"auto","background-attachment":"scroll","background-type":"","background-media":"","overlay-type":"","overlay-color":"","overlay-opacity":"","overlay-gradient":""},"mobile":{"background-color":"var(--ast-global-color-4)","background-image":"","background-repeat":"repeat","background-position":"center center","background-size":"auto","background-attachment":"scroll","background-type":"","background-media":"","overlay-type":"","overlay-color":"","overlay-opacity":"","overlay-gradient":""}},"footnotes":""},"class_list":["post-939","page","type-page","status-publish","hentry"],"_links":{"self":[{"href":"https:\/\/hochzeit.tomundtina.at\/index.php?rest_route=\/wp\/v2\/pages\/939","targetHints":{"allow":["GET"]}}],"collection":[{"href":"https:\/\/hochzeit.tomundtina.at\/index.php?rest_route=\/wp\/v2\/pages"}],"about":[{"href":"https:\/\/hochzeit.tomundtina.at\/index.php?rest_route=\/wp\/v2\/types\/page"}],"author":[{"embeddable":true,"href":"https:\/\/hochzeit.tomundtina.at\/index.php?rest_route=\/wp\/v2\/users\/1"}],"replies":[{"embeddable":true,"href":"https:\/\/hochzeit.tomundtina.at\/index.php?rest_route=%2Fwp%2Fv2%2Fcomments&post=939"}],"version-history":[{"count":4,"href":"https:\/\/hochzeit.tomundtina.at\/index.php?rest_route=\/wp\/v2\/pages\/939\/revisions"}],"predecessor-version":[{"id":943,"href":"https:\/\/hochzeit.tomundtina.at\/index.php?rest_route=\/wp\/v2\/pages\/939\/revisions\/943"}],"wp:attachment":[{"href":"https:\/\/hochzeit.tomundtina.at\/index.php?rest_route=%2Fwp%2Fv2%2Fmedia&parent=939"}],"curies":[{"name":"wp","href":"https:\/\/api.w.org\/{rel}","templated":true}]}}